{"id":91,"date":"2024-06-22T19:09:49","date_gmt":"2024-06-22T17:09:49","guid":{"rendered":"http:\/\/www.ins-online.pl:8080\/?page_id=91"},"modified":"2024-06-28T13:22:17","modified_gmt":"2024-06-28T11:22:17","slug":"uslugi-it","status":"publish","type":"page","link":"https:\/\/www.ins-online.pl\/index.php\/strona-glowna\/uslugi-it\/","title":{"rendered":"Us\u0142ugi wsparcia IT"},"content":{"rendered":"\n<p>Polecamy szeroki wachlarz us\u0142ug wsparcia technicznego dla biznesu. Indywidualne podej\u015bcie, szybka analiza problemu, diagnoza i rozwi\u0105zanie w trybie zdalnym lub w miejscu wskazanym przez Klienta.<\/p>\n\n\n\n<h2 class=\"wp-block-heading\" style=\"font-size:18px\">Dostarczamy skuteczn\u0105 pomoc w obszarach:<\/h2>\n\n\n\n<ul class=\"wp-block-list\">\n<li>og\u00f3lnej obs\u0142ugi sprz\u0119tu i oprogramowania komputerowego,<\/li>\n\n\n\n<li>administracji system\u00f3w serwerowych w tym \u015brodowisk wirtualizacji VMware, Proxmox, Hyper-V , system\u00f3w pami\u0119ci masowej i archiwizacji danych, sieci lokalnych, sprz\u0119tu komunikacyjnego,<\/li>\n\n\n\n<li>bezpiecze\u0144stwa i ochrony przed zagro\u017ceniami w cyberprzestrzeni,<\/li>\n\n\n\n<li>wsparcia technicznego i merytorycznego system\u00f3w ERP, HR, PP, F-K,<\/li>\n\n\n\n<li>doradztwa rozwojowego sfery IT.<\/li>\n<\/ul>\n\n\n\n<p><\/p>\n\n\n\n<p>Sprawd\u017a &#8211; nie zawiedziesz si\u0119!<\/p>\n\n\n\n<p><\/p>\n","protected":false},"excerpt":{"rendered":"<p>Polecamy szeroki wachlarz us\u0142ug wsparcia technicznego dla biznesu. Indywidualne podej\u015bcie, szybka analiza problemu, diagnoza i [&hellip;]<\/p>\n","protected":false},"author":1,"featured_media":0,"parent":96,"menu_order":1,"comment_status":"closed","ping_status":"closed","template":"","meta":{"footnotes":""},"class_list":["post-91","page","type-page","status-publish","hentry"],"_links":{"self":[{"href":"https:\/\/www.ins-online.pl\/index.php\/wp-json\/wp\/v2\/pages\/91","targetHints":{"allow":["GET"]}}],"collection":[{"href":"https:\/\/www.ins-online.pl\/index.php\/wp-json\/wp\/v2\/pages"}],"about":[{"href":"https:\/\/www.ins-online.pl\/index.php\/wp-json\/wp\/v2\/types\/page"}],"author":[{"embeddable":true,"href":"https:\/\/www.ins-online.pl\/index.php\/wp-json\/wp\/v2\/users\/1"}],"replies":[{"embeddable":true,"href":"https:\/\/www.ins-online.pl\/index.php\/wp-json\/wp\/v2\/comments?post=91"}],"version-history":[{"count":9,"href":"https:\/\/www.ins-online.pl\/index.php\/wp-json\/wp\/v2\/pages\/91\/revisions"}],"predecessor-version":[{"id":213,"href":"https:\/\/www.ins-online.pl\/index.php\/wp-json\/wp\/v2\/pages\/91\/revisions\/213"}],"up":[{"embeddable":true,"href":"https:\/\/www.ins-online.pl\/index.php\/wp-json\/wp\/v2\/pages\/96"}],"wp:attachment":[{"href":"https:\/\/www.ins-online.pl\/index.php\/wp-json\/wp\/v2\/media?parent=91"}],"curies":[{"name":"wp","href":"https:\/\/api.w.org\/{rel}","templated":true}]}}