{"id":88,"date":"2024-06-22T19:02:53","date_gmt":"2024-06-22T17:02:53","guid":{"rendered":"http:\/\/www.ins-online.pl:8080\/?page_id=88"},"modified":"2024-07-14T18:05:52","modified_gmt":"2024-07-14T16:05:52","slug":"oprogramowanie","status":"publish","type":"page","link":"https:\/\/www.ins-online.pl\/index.php\/strona-glowna\/oprogramowanie\/","title":{"rendered":"Us\u0142ugi programistyczne"},"content":{"rendered":"\n<p>Powsta\u0142o ju\u017c wiele projekt\u00f3w, niekt\u00f3re z nich pracuj\u0105 ju\u017c d\u0142ugie lata. Codziennie przynosz\u0105 korzy\u015bci w postaci zaoszcz\u0119dzonego czasu pracy pracownika lub ca\u0142ego zespo\u0142u.<\/p>\n\n\n\n<p>Nasi Klienci mog\u0105 liczy\u0107 na wieloletnie do\u015bwiadczenie w budowaniu dedykowanego oprogramowania. Nie ma wi\u0119kszego znaczenia platforma docelowa: czy to PC z systemem MS Windows, Linux, urz\u0105dzenia mobilne z systemem Android czy iOS czy te\u017c dedykowana platforma sprz\u0119towa typu embedded. Nie ma r\u00f3wnie\u017c znaczenia charakter docelowego rozwi\u0105zania. Budujemy aplikacje desktopowe, aplikacje web-owe, us\u0142ugi dzia\u0142aj\u0105ce w \u015brodowisku serwerowym MS Windows lub Linux.<\/p>\n\n\n\n<p>Nasze rozwi\u0105zania wspomagaj\u0105 procesy biznesowe w obszarze produkcji, dystrybucji, zakup\u00f3w, finans\u00f3w i ksi\u0119gowo\u015bci, zarz\u0105dzania zasobami HR, monitoruj\u0105 systemy automatyki przemys\u0142owej a nawet stanowi\u0105 baz\u0119 zaawansowanego sprz\u0119tu pomiarowego.<\/p>\n\n\n\n<p>Indywidualnie podchodzimy do ka\u017cdego zagadnienia co zawsze pozytywnie wp\u0142ywa na ca\u0142kowite koszty zwi\u0105zane z projektem.<\/p>\n","protected":false},"excerpt":{"rendered":"<p>Powsta\u0142o ju\u017c wiele projekt\u00f3w, niekt\u00f3re z nich pracuj\u0105 ju\u017c d\u0142ugie lata. Codziennie przynosz\u0105 korzy\u015bci w [&hellip;]<\/p>\n","protected":false},"author":1,"featured_media":0,"parent":96,"menu_order":2,"comment_status":"closed","ping_status":"closed","template":"","meta":{"footnotes":""},"class_list":["post-88","page","type-page","status-publish","hentry"],"_links":{"self":[{"href":"https:\/\/www.ins-online.pl\/index.php\/wp-json\/wp\/v2\/pages\/88","targetHints":{"allow":["GET"]}}],"collection":[{"href":"https:\/\/www.ins-online.pl\/index.php\/wp-json\/wp\/v2\/pages"}],"about":[{"href":"https:\/\/www.ins-online.pl\/index.php\/wp-json\/wp\/v2\/types\/page"}],"author":[{"embeddable":true,"href":"https:\/\/www.ins-online.pl\/index.php\/wp-json\/wp\/v2\/users\/1"}],"replies":[{"embeddable":true,"href":"https:\/\/www.ins-online.pl\/index.php\/wp-json\/wp\/v2\/comments?post=88"}],"version-history":[{"count":8,"href":"https:\/\/www.ins-online.pl\/index.php\/wp-json\/wp\/v2\/pages\/88\/revisions"}],"predecessor-version":[{"id":254,"href":"https:\/\/www.ins-online.pl\/index.php\/wp-json\/wp\/v2\/pages\/88\/revisions\/254"}],"up":[{"embeddable":true,"href":"https:\/\/www.ins-online.pl\/index.php\/wp-json\/wp\/v2\/pages\/96"}],"wp:attachment":[{"href":"https:\/\/www.ins-online.pl\/index.php\/wp-json\/wp\/v2\/media?parent=88"}],"curies":[{"name":"wp","href":"https:\/\/api.w.org\/{rel}","templated":true}]}}