{"id":3,"date":"2022-11-20T22:09:10","date_gmt":"2022-11-20T21:09:10","guid":{"rendered":"http:\/\/192.168.20.252:8080\/?page_id=3"},"modified":"2024-06-27T12:36:57","modified_gmt":"2024-06-27T10:36:57","slug":"polityka-prywatnosci","status":"publish","type":"page","link":"https:\/\/www.ins-online.pl\/index.php\/strona-glowna\/polityka-prywatnosci\/","title":{"rendered":"Polityka prywatno\u015bci"},"content":{"rendered":"\n<figure class=\"wp-block-image size-large\"><img loading=\"lazy\" decoding=\"async\" width=\"1024\" height=\"44\" src=\"http:\/\/www.ins-online.pl\/wp-content\/uploads\/2024\/06\/ins-online-logo-do-stopki-szerokosc-A4-1024x44.png\" alt=\"\" class=\"wp-image-76\" srcset=\"https:\/\/www.ins-online.pl\/wp-content\/uploads\/2024\/06\/ins-online-logo-do-stopki-szerokosc-A4-1024x44.png 1024w, https:\/\/www.ins-online.pl\/wp-content\/uploads\/2024\/06\/ins-online-logo-do-stopki-szerokosc-A4-300x13.png 300w, https:\/\/www.ins-online.pl\/wp-content\/uploads\/2024\/06\/ins-online-logo-do-stopki-szerokosc-A4-768x33.png 768w, https:\/\/www.ins-online.pl\/wp-content\/uploads\/2024\/06\/ins-online-logo-do-stopki-szerokosc-A4-50x2.png 50w, https:\/\/www.ins-online.pl\/wp-content\/uploads\/2024\/06\/ins-online-logo-do-stopki-szerokosc-A4-1600x68.png 1600w, https:\/\/www.ins-online.pl\/wp-content\/uploads\/2024\/06\/ins-online-logo-do-stopki-szerokosc-A4-1536x65.png 1536w, https:\/\/www.ins-online.pl\/wp-content\/uploads\/2024\/06\/ins-online-logo-do-stopki-szerokosc-A4-2048x87.png 2048w\" sizes=\"auto, (max-width: 1024px) 100vw, 1024px\" \/><\/figure>\n\n\n\n<p><\/p>\n\n\n\n<p><strong>I. Postanowienia og\u00f3lne<\/strong><\/p>\n\n\n\n<ol class=\"wp-block-list\">\n<li>Polityka prywatno\u015bci okre\u015bla, jak zbierane, przetwarzane i przechowywane s\u0105 dane osobowe U\u017cytkownik\u00f3w niezb\u0119dne do \u015bwiadczenia us\u0142ug drog\u0105 elektroniczn\u0105 za po\u015brednictwem serwisu internetowego <br>www.ins-online.pl&nbsp;(dalej: Serwis).<\/li>\n\n\n\n<li>Serwis zbiera wy\u0142\u0105cznie dane osobowe niezb\u0119dne do \u015bwiadczenia i rozwoju us\u0142ug w nim oferowanych.<\/li>\n\n\n\n<li>Dane osobowe zbierane za po\u015brednictwem Serwisu s\u0105 przetwarzane zgodnie z&nbsp;Rozporz\u0105dzeniem Parlamentu Europejskiego i&nbsp;Rady (UE) 2016\/679 z&nbsp;dnia 27 kwietnia 2016 r. w&nbsp;sprawie ochrony os\u00f3b fizycznych w&nbsp;zwi\u0105zku z&nbsp;przetwarzaniem danych osobowych i&nbsp;w sprawie swobodnego przep\u0142ywu takich danych oraz uchylenia dyrektywy 95\/46\/WE (og\u00f3lne rozporz\u0105dzenie o&nbsp;ochronie danych, dalej RODO) oraz ustaw\u0105 o ochronie danych osobowych z dnia 10 maja 2018 r.<\/li>\n<\/ol>\n\n\n\n<p><strong>II. Administrator danych<\/strong><\/p>\n\n\n\n<p>Administratorem danych osobowych zbieranych poprzez Serwis jest&nbsp;<strong>ins-online<\/strong>, adres:&nbsp;ul. Burmistrza Nowi\u0144skiego 16, 37-300 Le\u017cajsk, Polska, NIP:&nbsp;7921000576,  adres poczty elektronicznej:&nbsp;info@ins-online.pl (dalej: Administrator).<\/p>\n\n\n\n<p><strong>III. Cel zbierania danych osobowych<\/strong><\/p>\n\n\n\n<ol class=\"wp-block-list\">\n<li>Dane osobowe wykorzystywane s\u0105 w celu:\n<ul class=\"wp-block-list\">\n<li>rejestracji konta i weryfikacji to\u017csamo\u015bci U\u017cytkownika,<\/li>\n\n\n\n<li>umo\u017cliwienia logowania do Serwisu,<\/li>\n\n\n\n<li>realizacji umowy dotycz\u0105cej us\u0142ug i e-us\u0142ug,<\/li>\n\n\n\n<li>komunikacji z U\u017cytkownikiem (livechat, formularz kontaktowy itp.)<\/li>\n\n\n\n<li>wysy\u0142ki newslettera (po wyra\u017ceniu zgody U\u017cytkownika na jego otrzymywanie),<\/li>\n\n\n\n<li>prowadzenia systemu komentarzy,<\/li>\n\n\n\n<li>\u015bwiadczenia us\u0142ug spo\u0142eczno\u015bciowych,<\/li>\n\n\n\n<li>promocji oferty Administratora,<\/li>\n\n\n\n<li>marketingu, remarketingu, afiliacji,<\/li>\n\n\n\n<li>personalizacji Serwisu dla U\u017cytkownik\u00f3w,<\/li>\n\n\n\n<li>dzia\u0142a\u0144 analitycznych i statystycznych,<\/li>\n\n\n\n<li>windykacji nale\u017cno\u015bci,<\/li>\n\n\n\n<li>ustalenia i dochodzenia roszcze\u0144&nbsp;albo obrony przed nimi.<\/li>\n<\/ul>\n<\/li>\n\n\n\n<li>Podanie danych jest dobrowolne, ale niezb\u0119dne do zawarcia umowy albo skorzystania z innych funkcjonalno\u015bci Serwisu.<\/li>\n<\/ol>\n\n\n\n<p><strong>IV. Rodzaj przetwarzanych danych osobowych<\/strong><\/p>\n\n\n\n<p>Administrator mo\u017ce przetwarza\u0107&nbsp;dane osobowe U\u017cytkownika: imi\u0119 i nazwisko, data urodzenia, adres zamieszkania, adres e-mail, numer telefonu, NIP.<\/p>\n\n\n\n<p><strong>V. Okres przetwarzania danych osobowych<\/strong><\/p>\n\n\n\n<p>Dane osobowe U\u017cytkownik\u00f3w b\u0119d\u0105 przetwarzane przez okres:<\/p>\n\n\n\n<ul class=\"wp-block-list\">\n<li>gdy podstaw\u0105 przetwarzania danych jest wykonanie umowy \u2013 do momentu przedawnienia roszcze\u0144 po jej wykonaniu,<\/li>\n\n\n\n<li>gdy podstaw\u0105 przetwarzania danych jest zgoda \u2013 do momentu jej odwo\u0142ania, a&nbsp;po odwo\u0142aniu zgody do przedawnienia roszcze\u0144.<\/li>\n<\/ul>\n\n\n\n<p>W obu przypadkach termin przedawnienia wynosi 6 lat, a&nbsp;dla roszcze\u0144 o&nbsp;\u015bwiadczenia okresowe i roszcze\u0144 dotycz\u0105cych&nbsp;prowadzenia dzia\u0142alno\u015bci gospodarczej \u2013 3 lata (je\u015bli przepis szczeg\u00f3lny nie stanowi inaczej).<\/p>\n\n\n\n<p><strong>VI. Udost\u0119pnianie danych osobowych<\/strong><\/p>\n\n\n\n<ol class=\"wp-block-list\">\n<li>Dane osobowe U\u017cytkownik\u00f3w mog\u0105 by\u0107 przekazywane: podmiotom powi\u0105zanym z Administratorem, jego podwykonawcom, podmiotom wsp\u00f3\u0142pracuj\u0105cym z Administratorem np. firmom obs\u0142uguj\u0105cym e-p\u0142atno\u015bci, firmom \u015bwiadcz\u0105cym us\u0142ugi kurierskie\/pocztowe, kancelariom prawnym.<\/li>\n\n\n\n<li>Dane osobowe U\u017cytkownik\u00f3w&nbsp;nie b\u0119d\u0105&nbsp;przekazywane poza teren Europejskiego Obszaru Gospodarczego (EOG).<\/li>\n<\/ol>\n\n\n\n<p><strong>VII. Prawa U\u017cytkownik\u00f3w<\/strong><\/p>\n\n\n\n<ol class=\"wp-block-list\">\n<li>U\u017cytkownik Serwisu ma prawo do: dost\u0119pu do tre\u015bci swoich danych osobowych, ich sprostowania, usuni\u0119cia, ograniczenia przetwarzania, przenoszenia, wniesienia sprzeciwu wobec przetwarzania, cofni\u0119cia zgody w ka\u017cdej chwili (co nie ma&nbsp;wp\u0142ywu na zgodno\u015b\u0107 z prawem przetwarzania dokonanego w oparciu o zgod\u0119 przed jej cofni\u0119ciem).<\/li>\n\n\n\n<li>Zg\u0142oszenie o wyst\u0105pieniu przez U\u017cytkownika z&nbsp;uprawnieniem wynikaj\u0105cym z&nbsp;wymienionych praw nale\u017cy przes\u0142a\u0107 na adres&nbsp;info@ins-online.pl.<\/li>\n\n\n\n<li>Administrator spe\u0142nia lub odmawia&nbsp;spe\u0142nienia \u017c\u0105dania&nbsp;niezw\u0142ocznie \u2013 maksymalnie w ci\u0105gu miesi\u0105ca od jego otrzymania.<\/li>\n\n\n\n<li>U\u017cytkownik ma prawo z\u0142o\u017cy\u0107 skarg\u0119 do Prezesa Urz\u0119du Ochrony Danych Osobowych, je\u015bli uzna, \u017ce przetwarzanie narusza jego prawa i wolno\u015bci (RODO).<\/li>\n<\/ol>\n\n\n\n<p><strong>VIII. Pliki cookies<\/strong><\/p>\n\n\n\n<ol class=\"wp-block-list\">\n<li>Serwis zbiera informacje za pomoc\u0105 plik\u00f3w cookies \u2013 sesyjnych, sta\u0142ych i podmiot\u00f3w zewn\u0119trznych.<\/li>\n\n\n\n<li>Zbieranie plik\u00f3w cookies wspiera poprawne \u015bwiadczenie us\u0142ug w Serwisie i s\u0142u\u017cy celom statystycznym.<\/li>\n\n\n\n<li>U\u017cytkownik mo\u017ce okre\u015bli\u0107 zakres dost\u0119pu plik\u00f3w cookies do swojego urz\u0105dzenia w ustawieniach przegl\u0105darki.<\/li>\n<\/ol>\n\n\n\n<p><strong>IX. Zautomatyzowane podejmowanie decyzji i profilowanie<\/strong><\/p>\n\n\n\n<ol class=\"wp-block-list\">\n<li>Dane U\u017cytkownik\u00f3w nie mog\u0105 by\u0107&nbsp;przetwarzane w zautomatyzowany spos\u00f3b tak, \u017ce na skutek tego mog\u0142yby zapa\u015b\u0107 wobec nich jakiekolwiek decyzje.<\/li>\n\n\n\n<li>Dane U\u017cytkownik\u00f3w mog\u0105 by\u0107 profilowane celem dostosowania tre\u015bci i personalizacji oferty po wyra\u017ceniu przez nich zgody.<\/li>\n<\/ol>\n\n\n\n<p><strong>X. Postanowienia ko\u0144cowe<\/strong><\/p>\n\n\n\n<ol class=\"wp-block-list\">\n<li>Administrator ma prawo do wprowadzenia zmian w Polityce prywatno\u015bci, przy czym prawa U\u017cytkownik\u00f3w nie zostan\u0105 ograniczone.<\/li>\n\n\n\n<li>Informacja o wprowadzonych zmianach pojawi si\u0119 w formie komunikatu dost\u0119pnego w Serwisie.<\/li>\n\n\n\n<li>W sprawach nieuregulowanych w niniejszej Polityce prywatno\u015bci obowi\u0105zuj\u0105 przepisy RODO i przepisy prawa polskiego.<\/li>\n<\/ol>\n\n\n\n<p><\/p>\n","protected":false},"excerpt":{"rendered":"<p>I. Postanowienia og\u00f3lne II. Administrator danych Administratorem danych osobowych zbieranych poprzez Serwis jest&nbsp;ins-online, adres:&nbsp;ul. Burmistrza [&hellip;]<\/p>\n","protected":false},"author":1,"featured_media":76,"parent":96,"menu_order":5,"comment_status":"closed","ping_status":"open","template":"","meta":{"footnotes":""},"class_list":["post-3","page","type-page","status-publish","has-post-thumbnail","hentry"],"_links":{"self":[{"href":"https:\/\/www.ins-online.pl\/index.php\/wp-json\/wp\/v2\/pages\/3","targetHints":{"allow":["GET"]}}],"collection":[{"href":"https:\/\/www.ins-online.pl\/index.php\/wp-json\/wp\/v2\/pages"}],"about":[{"href":"https:\/\/www.ins-online.pl\/index.php\/wp-json\/wp\/v2\/types\/page"}],"author":[{"embeddable":true,"href":"https:\/\/www.ins-online.pl\/index.php\/wp-json\/wp\/v2\/users\/1"}],"replies":[{"embeddable":true,"href":"https:\/\/www.ins-online.pl\/index.php\/wp-json\/wp\/v2\/comments?post=3"}],"version-history":[{"count":4,"href":"https:\/\/www.ins-online.pl\/index.php\/wp-json\/wp\/v2\/pages\/3\/revisions"}],"predecessor-version":[{"id":203,"href":"https:\/\/www.ins-online.pl\/index.php\/wp-json\/wp\/v2\/pages\/3\/revisions\/203"}],"up":[{"embeddable":true,"href":"https:\/\/www.ins-online.pl\/index.php\/wp-json\/wp\/v2\/pages\/96"}],"wp:featuredmedia":[{"embeddable":true,"href":"https:\/\/www.ins-online.pl\/index.php\/wp-json\/wp\/v2\/media\/76"}],"wp:attachment":[{"href":"https:\/\/www.ins-online.pl\/index.php\/wp-json\/wp\/v2\/media?parent=3"}],"curies":[{"name":"wp","href":"https:\/\/api.w.org\/{rel}","templated":true}]}}