{"id":139,"date":"2024-06-26T14:50:51","date_gmt":"2024-06-26T12:50:51","guid":{"rendered":"http:\/\/www.ins-online.pl:8080\/?page_id=139"},"modified":"2024-06-26T15:57:25","modified_gmt":"2024-06-26T13:57:25","slug":"integracja-systemow","status":"publish","type":"page","link":"https:\/\/www.ins-online.pl\/index.php\/strona-glowna\/integracja-systemow\/","title":{"rendered":"Integracja system\u00f3w"},"content":{"rendered":"\n<p>U\u017cywane systemy nie chc\u0105 ze sob\u0105 wsp\u00f3\u0142pracowa\u0107? To niestety cz\u0119sto wyst\u0119puj\u0105ce zjawisko w bran\u017cy IT. Nie ma na to jednej og\u00f3lnej rady, ale analiza przypadku pozwoli wskaza\u0107 potencjalne mo\u017cliwo\u015bci, a do\u015bwiadczenie, innowacyjne podej\u015bcie i konsekwentne dzia\u0142anie przynios\u0105 oczekiwany skutek.<\/p>\n","protected":false},"excerpt":{"rendered":"<p>U\u017cywane systemy nie chc\u0105 ze sob\u0105 wsp\u00f3\u0142pracowa\u0107? To niestety cz\u0119sto wyst\u0119puj\u0105ce zjawisko w bran\u017cy IT. [&hellip;]<\/p>\n","protected":false},"author":1,"featured_media":0,"parent":96,"menu_order":4,"comment_status":"closed","ping_status":"closed","template":"","meta":{"footnotes":""},"class_list":["post-139","page","type-page","status-publish","hentry"],"_links":{"self":[{"href":"https:\/\/www.ins-online.pl\/index.php\/wp-json\/wp\/v2\/pages\/139","targetHints":{"allow":["GET"]}}],"collection":[{"href":"https:\/\/www.ins-online.pl\/index.php\/wp-json\/wp\/v2\/pages"}],"about":[{"href":"https:\/\/www.ins-online.pl\/index.php\/wp-json\/wp\/v2\/types\/page"}],"author":[{"embeddable":true,"href":"https:\/\/www.ins-online.pl\/index.php\/wp-json\/wp\/v2\/users\/1"}],"replies":[{"embeddable":true,"href":"https:\/\/www.ins-online.pl\/index.php\/wp-json\/wp\/v2\/comments?post=139"}],"version-history":[{"count":2,"href":"https:\/\/www.ins-online.pl\/index.php\/wp-json\/wp\/v2\/pages\/139\/revisions"}],"predecessor-version":[{"id":157,"href":"https:\/\/www.ins-online.pl\/index.php\/wp-json\/wp\/v2\/pages\/139\/revisions\/157"}],"up":[{"embeddable":true,"href":"https:\/\/www.ins-online.pl\/index.php\/wp-json\/wp\/v2\/pages\/96"}],"wp:attachment":[{"href":"https:\/\/www.ins-online.pl\/index.php\/wp-json\/wp\/v2\/media?parent=139"}],"curies":[{"name":"wp","href":"https:\/\/api.w.org\/{rel}","templated":true}]}}